{"id":40,"date":"2026-02-09T12:56:04","date_gmt":"2026-02-09T12:56:04","guid":{"rendered":"https:\/\/enescopro.hu\/?page_id=40"},"modified":"2026-02-11T13:06:25","modified_gmt":"2026-02-11T13:06:25","slug":"kezdolap","status":"publish","type":"page","link":"https:\/\/enescopro.hu\/","title":{"rendered":"Kezd\u0151lap"},"content":{"rendered":"\t\t<div data-elementor-type=\"wp-page\" data-elementor-id=\"40\" class=\"elementor elementor-40\">\n\t\t\t\t<div class=\"elementor-element elementor-element-2de1131 e-flex e-con-boxed e-con e-parent\" data-id=\"2de1131\" data-element_type=\"container\" data-e-type=\"container\" data-settings=\"{&quot;background_background&quot;:&quot;classic&quot;}\">\n\t\t\t\t\t<div class=\"e-con-inner\">\n\t\t\t\t<div class=\"elementor-element elementor-element-17529ee elementor-widget elementor-widget-heading\" data-id=\"17529ee\" data-element_type=\"widget\" data-e-type=\"widget\" data-widget_type=\"heading.default\">\n\t\t\t\t\t<h1 class=\"elementor-heading-title elementor-size-default\">Intelligens \u00e9p\u00fcletautomatiz\u00e1l\u00e1s ipari szinten<\/h1>\t\t\t\t<\/div>\n\t\t<div class=\"elementor-element elementor-element-ea03c48 e-grid e-con-full e-con e-child\" data-id=\"ea03c48\" data-element_type=\"container\" data-e-type=\"container\">\n\t\t\t\t<div class=\"elementor-element elementor-element-3bec3b0 elementor-widget elementor-widget-text-editor\" data-id=\"3bec3b0\" data-element_type=\"widget\" data-e-type=\"widget\" data-widget_type=\"text-editor.default\">\n\t\t\t\t\t\t\t\t\t<ul><li>DDC, PLC \u00e9s BMS megold\u00e1sok Domat, WAGO \u00e9s Niagara NX platformokon \u2013 tervez\u00e9st\u0151l az \u00e1tad\u00e1sig.<\/li><li data-start=\"1292\" data-end=\"1324\"><strong data-start=\"1292\" data-end=\"1324\">\u00c9p\u00fcletautomatika programoz\u00e1s<\/strong><ul><li>Domat<\/li><li>WAGO PLC<\/li><li>Niagara NX<\/li><\/ul><\/li><li data-start=\"1366\" data-end=\"1388\"><strong data-start=\"1366\" data-end=\"1388\">Rendszerintegr\u00e1ci\u00f3<\/strong><ul><li>BMS \/ SCADA<\/li><li>EMS<\/li><li>Alrendszerek \u00f6sszekapcsol\u00e1sa<\/li><\/ul><\/li><li data-start=\"1441\" data-end=\"1459\"><strong data-start=\"1441\" data-end=\"1459\">Projektvezet\u00e9s<\/strong><ul><li data-start=\"1464\" data-end=\"1472\">Tervez\u00e9s<\/li><li data-start=\"1477\" data-end=\"1499\">Kivitelez\u00e9s t\u00e1mogat\u00e1sa<\/li><li data-start=\"1504\" data-end=\"1524\">\u00c1tad\u00e1s, dokument\u00e1ci\u00f3<\/li><\/ul><\/li><li><strong data-start=\"1528\" data-end=\"1559\">\u00dczembe helyez\u00e9s &amp; t\u00e1mogat\u00e1s<\/strong><ul><li data-start=\"1564\" data-end=\"1573\">Tesztel\u00e9s<\/li><li data-start=\"1578\" data-end=\"1589\">Hibakeres\u00e9s<\/li><li data-start=\"1594\" data-end=\"1606\">Karbantart\u00e1s<\/li><\/ul><\/li><\/ul>\t\t\t\t\t\t\t\t<\/div>\n\t\t\t\t<div class=\"elementor-element elementor-element-06c5029 elementor-widget elementor-widget-image\" data-id=\"06c5029\" data-element_type=\"widget\" data-e-type=\"widget\" data-widget_type=\"image.default\">\n\t\t\t\t\t\t\t\t\t\t\t\t\t\t\t<img fetchpriority=\"high\" decoding=\"async\" width=\"774\" height=\"976\" src=\"https:\/\/enescopro.hu\/wp-content\/uploads\/2026\/02\/Photo_01-1-1.jpg\" class=\"attachment-large size-large wp-image-61\" alt=\"\" srcset=\"https:\/\/enescopro.hu\/wp-content\/uploads\/2026\/02\/Photo_01-1-1.jpg 774w, https:\/\/enescopro.hu\/wp-content\/uploads\/2026\/02\/Photo_01-1-1-238x300.jpg 238w, https:\/\/enescopro.hu\/wp-content\/uploads\/2026\/02\/Photo_01-1-1-768x968.jpg 768w\" sizes=\"(max-width: 774px) 100vw, 774px\" \/>\t\t\t\t\t\t\t\t\t\t\t\t\t\t\t<\/div>\n\t\t\t\t<\/div>\n\t\t\t\t\t<\/div>\n\t\t\t\t<\/div>\n\t\t<div class=\"elementor-element elementor-element-c15fafd e-flex e-con-boxed e-con e-parent\" data-id=\"c15fafd\" data-element_type=\"container\" data-e-type=\"container\">\n\t\t\t\t\t<div class=\"e-con-inner\">\n\t\t\t\t<div class=\"elementor-element elementor-element-bfc2432 elementor-widget elementor-widget-heading\" data-id=\"bfc2432\" data-element_type=\"widget\" data-e-type=\"widget\" data-widget_type=\"heading.default\">\n\t\t\t\t\t<h2 class=\"elementor-heading-title elementor-size-default\">Alkalmazott technol\u00f3gi\u00e1k\n<\/h2>\t\t\t\t<\/div>\n\t\t<div class=\"elementor-element elementor-element-cfb7847 e-grid e-con-full e-con e-child\" data-id=\"cfb7847\" data-element_type=\"container\" data-e-type=\"container\">\n\t\t<div class=\"elementor-element elementor-element-9835863 e-con-full e-flex e-con e-child\" data-id=\"9835863\" data-element_type=\"container\" data-e-type=\"container\">\n\t\t\t\t<div class=\"elementor-element elementor-element-151d51f elementor-widget elementor-widget-heading\" data-id=\"151d51f\" data-element_type=\"widget\" data-e-type=\"widget\" data-widget_type=\"heading.default\">\n\t\t\t\t\t<h3 class=\"elementor-heading-title elementor-size-default\">Domat<\/h3>\t\t\t\t<\/div>\n\t\t\t\t<div class=\"elementor-element elementor-element-41893a0 elementor-widget elementor-widget-text-editor\" data-id=\"41893a0\" data-element_type=\"widget\" data-e-type=\"widget\" data-widget_type=\"text-editor.default\">\n\t\t\t\t\t\t\t\t\t<p>Domat DDC rendszerek programoz\u00e1sa \u00e9s integr\u00e1ci\u00f3ja ipari \u00e9s kereskedelmi \u00e9p\u00fcletekben.<\/p>\t\t\t\t\t\t\t\t<\/div>\n\t\t\t\t<\/div>\n\t\t\t\t<div class=\"elementor-element elementor-element-8b59d7d elementor-widget elementor-widget-image\" data-id=\"8b59d7d\" data-element_type=\"widget\" data-e-type=\"widget\" data-widget_type=\"image.default\">\n\t\t\t\t\t\t\t\t\t\t\t\t\t\t\t<img decoding=\"async\" width=\"400\" height=\"208\" src=\"https:\/\/enescopro.hu\/wp-content\/uploads\/2026\/02\/Domat_Logo.jpeg\" class=\"attachment-large size-large wp-image-45\" alt=\"\" srcset=\"https:\/\/enescopro.hu\/wp-content\/uploads\/2026\/02\/Domat_Logo.jpeg 400w, https:\/\/enescopro.hu\/wp-content\/uploads\/2026\/02\/Domat_Logo-300x156.jpeg 300w\" sizes=\"(max-width: 400px) 100vw, 400px\" \/>\t\t\t\t\t\t\t\t\t\t\t\t\t\t\t<\/div>\n\t\t\t\t<div class=\"elementor-element elementor-element-8e54639 elementor-widget elementor-widget-image\" data-id=\"8e54639\" data-element_type=\"widget\" data-e-type=\"widget\" data-widget_type=\"image.default\">\n\t\t\t\t\t\t\t\t\t\t\t\t\t\t\t<img decoding=\"async\" width=\"400\" height=\"208\" src=\"https:\/\/enescopro.hu\/wp-content\/uploads\/2026\/02\/WAGO-1.jpg\" class=\"attachment-large size-large wp-image-48\" alt=\"\" srcset=\"https:\/\/enescopro.hu\/wp-content\/uploads\/2026\/02\/WAGO-1.jpg 400w, https:\/\/enescopro.hu\/wp-content\/uploads\/2026\/02\/WAGO-1-300x156.jpg 300w\" sizes=\"(max-width: 400px) 100vw, 400px\" \/>\t\t\t\t\t\t\t\t\t\t\t\t\t\t\t<\/div>\n\t\t<div class=\"elementor-element elementor-element-cba98af e-con-full e-flex e-con e-child\" data-id=\"cba98af\" data-element_type=\"container\" data-e-type=\"container\">\n\t\t\t\t<div class=\"elementor-element elementor-element-aad2d8b elementor-widget elementor-widget-heading\" data-id=\"aad2d8b\" data-element_type=\"widget\" data-e-type=\"widget\" data-widget_type=\"heading.default\">\n\t\t\t\t\t<h3 class=\"elementor-heading-title elementor-size-default\">Wago<br><\/h3>\t\t\t\t<\/div>\n\t\t\t\t<div class=\"elementor-element elementor-element-2d2364c elementor-widget elementor-widget-text-editor\" data-id=\"2d2364c\" data-element_type=\"widget\" data-e-type=\"widget\" data-widget_type=\"text-editor.default\">\n\t\t\t\t\t\t\t\t\t<p>WAGO PLC alap\u00fa automatiz\u00e1l\u00e1si rendszerek fejleszt\u00e9se \u00e9s integr\u00e1ci\u00f3ja.<\/p>\t\t\t\t\t\t\t\t<\/div>\n\t\t\t\t<\/div>\n\t\t<div class=\"elementor-element elementor-element-f585bab e-con-full e-flex e-con e-child\" data-id=\"f585bab\" data-element_type=\"container\" data-e-type=\"container\">\n\t\t\t\t<div class=\"elementor-element elementor-element-2430f87 elementor-widget elementor-widget-heading\" data-id=\"2430f87\" data-element_type=\"widget\" data-e-type=\"widget\" data-widget_type=\"heading.default\">\n\t\t\t\t\t<h3 class=\"elementor-heading-title elementor-size-default\">Niagara<\/h3>\t\t\t\t<\/div>\n\t\t\t\t<div class=\"elementor-element elementor-element-71582c0 elementor-widget elementor-widget-text-editor\" data-id=\"71582c0\" data-element_type=\"widget\" data-e-type=\"widget\" data-widget_type=\"text-editor.default\">\n\t\t\t\t\t\t\t\t\t<p>Gy\u00e1rt\u00f3f\u00fcggetlen BMS fel\u00fcgyeleti rendszer komplex \u00e9p\u00fcletekhez.<\/p>\t\t\t\t\t\t\t\t<\/div>\n\t\t\t\t<\/div>\n\t\t\t\t<div class=\"elementor-element elementor-element-9ec3821 elementor-widget elementor-widget-image\" data-id=\"9ec3821\" data-element_type=\"widget\" data-e-type=\"widget\" data-widget_type=\"image.default\">\n\t\t\t\t\t\t\t\t\t\t\t\t\t\t\t<img loading=\"lazy\" decoding=\"async\" width=\"400\" height=\"208\" src=\"https:\/\/enescopro.hu\/wp-content\/uploads\/2026\/02\/Niagara-1.png\" class=\"attachment-large size-large wp-image-47\" alt=\"\" srcset=\"https:\/\/enescopro.hu\/wp-content\/uploads\/2026\/02\/Niagara-1.png 400w, https:\/\/enescopro.hu\/wp-content\/uploads\/2026\/02\/Niagara-1-300x156.png 300w\" sizes=\"(max-width: 400px) 100vw, 400px\" \/>\t\t\t\t\t\t\t\t\t\t\t\t\t\t\t<\/div>\n\t\t\t\t<\/div>\n\t\t\t\t\t<\/div>\n\t\t\t\t<\/div>\n\t\t<div class=\"elementor-element elementor-element-bd03d98 e-flex e-con-boxed e-con e-parent\" data-id=\"bd03d98\" data-element_type=\"container\" data-e-type=\"container\">\n\t\t\t\t\t<div class=\"e-con-inner\">\n\t\t\t\t<div class=\"elementor-element elementor-element-0ea7d17 elementor-widget elementor-widget-heading\" data-id=\"0ea7d17\" data-element_type=\"widget\" data-e-type=\"widget\" data-widget_type=\"heading.default\">\n\t\t\t\t\t<h2 class=\"elementor-heading-title elementor-size-default\">Mi\u00e9rt minket v\u00e1lasszon?<\/h2>\t\t\t\t<\/div>\n\t\t\t\t<div class=\"elementor-element elementor-element-961fbda elementor-widget elementor-widget-text-editor\" data-id=\"961fbda\" data-element_type=\"widget\" data-e-type=\"widget\" data-widget_type=\"text-editor.default\">\n\t\t\t\t\t\t\t\t\t<ul><li>T\u00f6bb \u00e9ves tapasztalat \u00e9p\u00fcletautomatiz\u00e1l\u00e1sban<\/li><li data-start=\"2117\" data-end=\"2148\">Ipari \u00e9s kereskedelmi projektek<\/li><li data-start=\"2151\" data-end=\"2184\">Dokument\u00e1lt, \u00e1tl\u00e1that\u00f3 megold\u00e1sok<\/li><li data-start=\"2187\" data-end=\"2212\">Gy\u00e1rt\u00f3f\u00fcggetlen szeml\u00e9let<\/li><li data-start=\"2215\" data-end=\"2234\">Hat\u00e1rid\u0151k betart\u00e1sa<\/li><\/ul>\t\t\t\t\t\t\t\t<\/div>\n\t\t\t\t\t<\/div>\n\t\t\t\t<\/div>\n\t\t<div class=\"elementor-element elementor-element-a407449 e-flex e-con-boxed e-con e-parent\" data-id=\"a407449\" data-element_type=\"container\" data-e-type=\"container\">\n\t\t\t\t\t<div class=\"e-con-inner\">\n\t\t\t\t<div class=\"elementor-element elementor-element-ff831ae elementor-widget elementor-widget-heading\" data-id=\"ff831ae\" data-element_type=\"widget\" data-e-type=\"widget\" data-widget_type=\"heading.default\">\n\t\t\t\t\t<h2 class=\"elementor-heading-title elementor-size-default\">Partnereink:<\/h2>\t\t\t\t<\/div>\n\t\t\t\t<div class=\"elementor-element elementor-element-bbe3ea3 elementor-widget elementor-widget-image-gallery\" data-id=\"bbe3ea3\" data-element_type=\"widget\" data-e-type=\"widget\" data-widget_type=\"image-gallery.default\">\n\t\t\t\t\t\t\t<div class=\"elementor-image-gallery\">\n\t\t\t<div id='gallery-1' class='gallery galleryid-40 gallery-columns-4 gallery-size-medium'><figure class='gallery-item'>\n\t\t\t<div class='gallery-icon landscape'>\n\t\t\t\t<a data-elementor-open-lightbox=\"yes\" data-elementor-lightbox-slideshow=\"bbe3ea3\" data-elementor-lightbox-title=\"WAGO 1\" data-e-action-hash=\"#elementor-action%3Aaction%3Dlightbox%26settings%3DeyJpZCI6NDgsInVybCI6Imh0dHBzOlwvXC9lbmVzY29wcm8uaHVcL3dwLWNvbnRlbnRcL3VwbG9hZHNcLzIwMjZcLzAyXC9XQUdPLTEuanBnIiwic2xpZGVzaG93IjoiYmJlM2VhMyJ9\" href='https:\/\/enescopro.hu\/wp-content\/uploads\/2026\/02\/WAGO-1.jpg'><img loading=\"lazy\" decoding=\"async\" width=\"300\" height=\"156\" src=\"https:\/\/enescopro.hu\/wp-content\/uploads\/2026\/02\/WAGO-1-300x156.jpg\" class=\"attachment-medium size-medium\" alt=\"\" aria-describedby=\"gallery-1-48\" srcset=\"https:\/\/enescopro.hu\/wp-content\/uploads\/2026\/02\/WAGO-1-300x156.jpg 300w, https:\/\/enescopro.hu\/wp-content\/uploads\/2026\/02\/WAGO-1.jpg 400w\" sizes=\"(max-width: 300px) 100vw, 300px\" \/><\/a>\n\t\t\t<\/div>\n\t\t\t\t<figcaption class='wp-caption-text gallery-caption' id='gallery-1-48'>\n\t\t\t\tDDC-k \u00e9s vez\u00e9rl\u0151k\n\t\t\t\t<\/figcaption><\/figure><figure class='gallery-item'>\n\t\t\t<div class='gallery-icon landscape'>\n\t\t\t\t<a data-elementor-open-lightbox=\"yes\" data-elementor-lightbox-slideshow=\"bbe3ea3\" data-elementor-lightbox-title=\"Decathlon\" data-e-action-hash=\"#elementor-action%3Aaction%3Dlightbox%26settings%3DeyJpZCI6ODksInVybCI6Imh0dHBzOlwvXC9lbmVzY29wcm8uaHVcL3dwLWNvbnRlbnRcL3VwbG9hZHNcLzIwMjZcLzAyXC9EZWNhdGhsb24ucG5nIiwic2xpZGVzaG93IjoiYmJlM2VhMyJ9\" href='https:\/\/enescopro.hu\/wp-content\/uploads\/2026\/02\/Decathlon.png'><img loading=\"lazy\" decoding=\"async\" width=\"300\" height=\"156\" src=\"https:\/\/enescopro.hu\/wp-content\/uploads\/2026\/02\/Decathlon-300x156.png\" class=\"attachment-medium size-medium\" alt=\"\" srcset=\"https:\/\/enescopro.hu\/wp-content\/uploads\/2026\/02\/Decathlon-300x156.png 300w, https:\/\/enescopro.hu\/wp-content\/uploads\/2026\/02\/Decathlon.png 400w\" sizes=\"(max-width: 300px) 100vw, 300px\" \/><\/a>\n\t\t\t<\/div><\/figure><figure class='gallery-item'>\n\t\t\t<div class='gallery-icon landscape'>\n\t\t\t\t<a data-elementor-open-lightbox=\"yes\" data-elementor-lightbox-slideshow=\"bbe3ea3\" data-elementor-lightbox-title=\"MOL\" data-e-action-hash=\"#elementor-action%3Aaction%3Dlightbox%26settings%3DeyJpZCI6OTAsInVybCI6Imh0dHBzOlwvXC9lbmVzY29wcm8uaHVcL3dwLWNvbnRlbnRcL3VwbG9hZHNcLzIwMjZcLzAyXC9NT0wucG5nIiwic2xpZGVzaG93IjoiYmJlM2VhMyJ9\" href='https:\/\/enescopro.hu\/wp-content\/uploads\/2026\/02\/MOL.png'><img loading=\"lazy\" decoding=\"async\" width=\"300\" height=\"156\" src=\"https:\/\/enescopro.hu\/wp-content\/uploads\/2026\/02\/MOL-300x156.png\" class=\"attachment-medium size-medium\" alt=\"\" srcset=\"https:\/\/enescopro.hu\/wp-content\/uploads\/2026\/02\/MOL-300x156.png 300w, https:\/\/enescopro.hu\/wp-content\/uploads\/2026\/02\/MOL.png 400w\" sizes=\"(max-width: 300px) 100vw, 300px\" \/><\/a>\n\t\t\t<\/div><\/figure><figure class='gallery-item'>\n\t\t\t<div class='gallery-icon landscape'>\n\t\t\t\t<a data-elementor-open-lightbox=\"yes\" data-elementor-lightbox-slideshow=\"bbe3ea3\" data-elementor-lightbox-title=\"SmartNode\" data-e-action-hash=\"#elementor-action%3Aaction%3Dlightbox%26settings%3DeyJpZCI6OTEsInVybCI6Imh0dHBzOlwvXC9lbmVzY29wcm8uaHVcL3dwLWNvbnRlbnRcL3VwbG9hZHNcLzIwMjZcLzAyXC9TbWFydE5vZGUucG5nIiwic2xpZGVzaG93IjoiYmJlM2VhMyJ9\" href='https:\/\/enescopro.hu\/wp-content\/uploads\/2026\/02\/SmartNode.png'><img loading=\"lazy\" decoding=\"async\" width=\"300\" height=\"156\" src=\"https:\/\/enescopro.hu\/wp-content\/uploads\/2026\/02\/SmartNode-300x156.png\" class=\"attachment-medium size-medium\" alt=\"\" srcset=\"https:\/\/enescopro.hu\/wp-content\/uploads\/2026\/02\/SmartNode-300x156.png 300w, https:\/\/enescopro.hu\/wp-content\/uploads\/2026\/02\/SmartNode.png 400w\" sizes=\"(max-width: 300px) 100vw, 300px\" \/><\/a>\n\t\t\t<\/div><\/figure>\n\t\t<\/div>\n\t\t<\/div>\n\t\t\t\t\t\t<\/div>\n\t\t\t\t\t<\/div>\n\t\t\t\t<\/div>\n\t\t<div class=\"elementor-element elementor-element-f78958a e-flex e-con-boxed e-con e-parent\" data-id=\"f78958a\" data-element_type=\"container\" data-e-type=\"container\">\n\t\t\t\t\t<div class=\"e-con-inner\">\n\t\t<div class=\"elementor-element elementor-element-61d567a e-con-full e-flex e-con e-child\" data-id=\"61d567a\" data-element_type=\"container\" data-e-type=\"container\">\n\t\t\t\t<div class=\"elementor-element elementor-element-347a0f6 elementor-widget elementor-widget-heading\" data-id=\"347a0f6\" data-element_type=\"widget\" data-e-type=\"widget\" data-widget_type=\"heading.default\">\n\t\t\t\t\t<h2 class=\"elementor-heading-title elementor-size-default\">Kapcsolat:<\/h2>\t\t\t\t<\/div>\n\t\t\t\t<div class=\"elementor-element elementor-element-d800145 elementor-widget elementor-widget-google_maps\" data-id=\"d800145\" data-element_type=\"widget\" data-e-type=\"widget\" data-widget_type=\"google_maps.default\">\n\t\t\t\t\t\t\t<div class=\"elementor-custom-embed\">\n\t\t\t<iframe loading=\"lazy\"\n\t\t\t\t\tsrc=\"https:\/\/maps.google.com\/maps?q=Budapest%2C%20M%C3%A1rt%C3%ADrok%20%C3%BAtja%20279%2FB%2C%201204&#038;t=m&#038;z=12&#038;output=embed&#038;iwloc=near\"\n\t\t\t\t\ttitle=\"Budapest, M\u00e1rt\u00edrok \u00fatja 279\/B, 1204\"\n\t\t\t\t\taria-label=\"Budapest, M\u00e1rt\u00edrok \u00fatja 279\/B, 1204\"\n\t\t\t><\/iframe>\n\t\t<\/div>\n\t\t\t\t\t\t<\/div>\n\t\t<div class=\"elementor-element elementor-element-a1bf677 e-grid e-con-full e-con e-child\" data-id=\"a1bf677\" data-element_type=\"container\" data-e-type=\"container\">\n\t\t<div class=\"elementor-element elementor-element-be2b8b2 e-con-full e-flex e-con e-child\" data-id=\"be2b8b2\" data-element_type=\"container\" data-e-type=\"container\">\n\t\t\t\t<div class=\"elementor-element elementor-element-6242e0b elementor-widget elementor-widget-heading\" data-id=\"6242e0b\" data-element_type=\"widget\" data-e-type=\"widget\" data-widget_type=\"heading.default\">\n\t\t\t\t\t<h2 class=\"elementor-heading-title elementor-size-default\">C\u00c9GVEZET\u00c9S<\/h2>\t\t\t\t<\/div>\n\t\t\t\t<div class=\"elementor-element elementor-element-0e114bd elementor-widget elementor-widget-text-editor\" data-id=\"0e114bd\" data-element_type=\"widget\" data-e-type=\"widget\" data-widget_type=\"text-editor.default\">\n\t\t\t\t\t\t\t\t\t<h5><strong>Afony L\u00e1szl\u00f3<br \/><\/strong>\u00dcgyvezet\u0151 igazgat\u00f3<\/h5>\t\t\t\t\t\t\t\t<\/div>\n\t\t\t\t<\/div>\n\t\t<div class=\"elementor-element elementor-element-173ad02 e-con-full e-flex e-con e-child\" data-id=\"173ad02\" data-element_type=\"container\" data-e-type=\"container\">\n\t\t\t\t<div class=\"elementor-element elementor-element-fb370a4 elementor-widget elementor-widget-heading\" data-id=\"fb370a4\" data-element_type=\"widget\" data-e-type=\"widget\" data-widget_type=\"heading.default\">\n\t\t\t\t\t<h2 class=\"elementor-heading-title elementor-size-default\">K\u00d6ZPONTI IRODA\n<\/h2>\t\t\t\t<\/div>\n\t\t<div class=\"elementor-element elementor-element-f3d8384 e-con-full e-flex e-con e-child\" data-id=\"f3d8384\" data-element_type=\"container\" data-e-type=\"container\">\n\t\t\t\t<div class=\"elementor-element elementor-element-10426fe elementor-widget elementor-widget-text-editor\" data-id=\"10426fe\" data-element_type=\"widget\" data-e-type=\"widget\" data-widget_type=\"text-editor.default\">\n\t\t\t\t\t\t\t\t\t<h5>C\u00edm: M\u00e1rt\u00edrok \u00fatja 279\/B<br \/>Email: enesco@enesco.hu<\/h5>\t\t\t\t\t\t\t\t<\/div>\n\t\t\t\t<\/div>\n\t\t\t\t<\/div>\n\t\t\t\t<\/div>\n\t\t\t\t<\/div>\n\t\t\t\t\t<\/div>\n\t\t\t\t<\/div>\n\t\t\t\t<\/div>\n\t\t","protected":false},"excerpt":{"rendered":"<p>Intelligens \u00e9p\u00fcletautomatiz\u00e1l\u00e1s ipari szinten DDC, PLC \u00e9s BMS megold\u00e1sok Domat, WAGO \u00e9s Niagara NX platformokon \u2013 tervez\u00e9st\u0151l az \u00e1tad\u00e1sig. \u00c9p\u00fcletautomatika [&hellip;]<\/p>\n","protected":false},"author":2,"featured_media":0,"parent":0,"menu_order":0,"comment_status":"open","ping_status":"closed","template":"elementor_header_footer","meta":{"site-sidebar-layout":"no-sidebar","site-content-layout":"","ast-site-content-layout":"full-width-container","site-content-style":"default","site-sidebar-style":"default","ast-global-header-display":"","ast-banner-title-visibility":"","ast-main-header-display":"","ast-hfb-above-header-display":"","ast-hfb-below-header-display":"","ast-hfb-mobile-header-display":"","site-post-title":"","ast-breadcrumbs-content":"","ast-featured-img":"disabled","footer-sml-layout":"","ast-disable-related-posts":"","theme-transparent-header-meta":"","adv-header-id-meta":"","stick-header-meta":"","header-above-stick-meta":"","header-main-stick-meta":"","header-below-stick-meta":"","astra-migrate-meta-layouts":"default","ast-page-background-enabled":"default","ast-page-background-meta":{"desktop":{"background-color":"var(--ast-global-color-5)","background-image":"","background-repeat":"repeat","background-position":"center center","background-size":"auto","background-attachment":"scroll","background-type":"","background-media":"","overlay-type":"","overlay-color":"","overlay-opacity":"","overlay-gradient":""},"tablet":{"background-color":"","background-image":"","background-repeat":"repeat","background-position":"center center","background-size":"auto","background-attachment":"scroll","background-type":"","background-media":"","overlay-type":"","overlay-color":"","overlay-opacity":"","overlay-gradient":""},"mobile":{"background-color":"","background-image":"","background-repeat":"repeat","background-position":"center center","background-size":"auto","background-attachment":"scroll","background-type":"","background-media":"","overlay-type":"","overlay-color":"","overlay-opacity":"","overlay-gradient":""}},"ast-content-background-meta":{"desktop":{"background-color":"var(--ast-global-color-4)","background-image":"","background-repeat":"repeat","background-position":"center center","background-size":"auto","background-attachment":"scroll","background-type":"","background-media":"","overlay-type":"","overlay-color":"","overlay-opacity":"","overlay-gradient":""},"tablet":{"background-color":"var(--ast-global-color-4)","background-image":"","background-repeat":"repeat","background-position":"center center","background-size":"auto","background-attachment":"scroll","background-type":"","background-media":"","overlay-type":"","overlay-color":"","overlay-opacity":"","overlay-gradient":""},"mobile":{"background-color":"var(--ast-global-color-4)","background-image":"","background-repeat":"repeat","background-position":"center center","background-size":"auto","background-attachment":"scroll","background-type":"","background-media":"","overlay-type":"","overlay-color":"","overlay-opacity":"","overlay-gradient":""}},"iawp_total_views":122,"footnotes":""},"class_list":["post-40","page","type-page","status-publish","hentry"],"_links":{"self":[{"href":"https:\/\/enescopro.hu\/index.php\/wp-json\/wp\/v2\/pages\/40","targetHints":{"allow":["GET"]}}],"collection":[{"href":"https:\/\/enescopro.hu\/index.php\/wp-json\/wp\/v2\/pages"}],"about":[{"href":"https:\/\/enescopro.hu\/index.php\/wp-json\/wp\/v2\/types\/page"}],"author":[{"embeddable":true,"href":"https:\/\/enescopro.hu\/index.php\/wp-json\/wp\/v2\/users\/2"}],"replies":[{"embeddable":true,"href":"https:\/\/enescopro.hu\/index.php\/wp-json\/wp\/v2\/comments?post=40"}],"version-history":[{"count":34,"href":"https:\/\/enescopro.hu\/index.php\/wp-json\/wp\/v2\/pages\/40\/revisions"}],"predecessor-version":[{"id":163,"href":"https:\/\/enescopro.hu\/index.php\/wp-json\/wp\/v2\/pages\/40\/revisions\/163"}],"wp:attachment":[{"href":"https:\/\/enescopro.hu\/index.php\/wp-json\/wp\/v2\/media?parent=40"}],"curies":[{"name":"wp","href":"https:\/\/api.w.org\/{rel}","templated":true}]}}